{"id":28,"date":"2024-01-13T13:53:43","date_gmt":"2024-01-13T16:53:43","guid":{"rendered":"https:\/\/sitedecliente.com.br\/?page_id=28"},"modified":"2024-03-18T21:13:04","modified_gmt":"2024-03-19T00:13:04","slug":"politica-de-privacidade-153-cidadao","status":"publish","type":"page","link":"https:\/\/www.cconet.com.br\/es\/politica-de-privacidade-153-cidadao\/","title":{"rendered":"Pol\u00edtica de Privacidad 153 Cidad\u00e3o"},"content":{"rendered":"<p>V\u00e1lida para la aplicaci\u00f3n \"SOS 153\", disponible en las tiendas virtuales de App Store y Google Play.<\/p>\n\n\n\n<p>SECCI\u00d3N 1 \u2013 INFORMACI\u00d3N GENERAL<\/p>\n\n\n\n<p>Esta Pol\u00edtica de Privacidad contiene informaci\u00f3n sobre la recopilaci\u00f3n, uso, almacenamiento, procesamiento y protecci\u00f3n de datos personales de los usuarios de las aplicaciones creadas por CCONET LTDA, con el fin de demostrar absoluta transparencia sobre el tema y aclarar a todos los interesados sobre los tipos de datos que se recopilan, los motivos de la recopilaci\u00f3n y c\u00f3mo los usuarios pueden gestionar o eliminar su informaci\u00f3n personal.<\/p>\n\n\n\n<p>Este documento ha sido elaborado de conformidad con la Ley General de Protecci\u00f3n de Datos Personales (Ley 13.709\/18), el Marco Civil de Internet de Brasil (Ley 12.965\/14) y el Reglamento de la UE N.\u00ba 2016\/679. Adem\u00e1s, el documento puede ser actualizado debido a eventuales cambios normativos, por lo que se invita a los usuarios a consultar peri\u00f3dicamente esta secci\u00f3n.<\/p>\n\n\n\n<p>SECCI\u00d3N 2 - \u00bfC\u00d3MO RECOPILAMOS LOS DATOS PERSONALES DEL USUARIO?<\/p>\n\n\n\n<p>Los datos personales del usuario y del visitante son recopilados por la plataforma de la siguiente manera:<\/p>\n\n\n\n<p>Cuando el usuario crea una cuenta\/perfil en una de nuestras aplicaciones, estos datos incluyen datos b\u00e1sicos de identificaci\u00f3n, como correo electr\u00f3nico, nombre completo, ciudad de residencia y profesi\u00f3n. A partir de esta informaci\u00f3n, podemos identificar al usuario y al visitante, as\u00ed como garantizar una mayor seguridad y bienestar para sus necesidades. Los usuarios y visitantes son conscientes de que su perfil en la plataforma estar\u00e1 accesible para todos los dem\u00e1s usuarios.<\/p>\n\n\n\n<p>Cuando un usuario accede a una aplicaci\u00f3n, la empresa recopila informaci\u00f3n sobre la interacci\u00f3n y el acceso para garantizar una mejor experiencia para el usuario y el visitante. Estos datos pueden incluir palabras clave utilizadas en una b\u00fasqueda, el intercambio de un documento espec\u00edfico, comentarios, vistas de p\u00e1ginas, perfiles, la URL desde la cual provienen el usuario y el visitante, el navegador que utilizan y sus direcciones IP de acceso, entre otros que pueden ser almacenados y retenidos.<\/p>\n\n\n\n<p>SECCI\u00d3N 3 - \u00bfQU\u00c9 DATOS PERSONALES RECOPILAMOS SOBRE EL USUARIO Y EL VISITANTE?<\/p>\n\n\n\n<p>Los datos personales recopilados del usuario y del visitante son los siguientes:<\/p>\n\n\n\n<p>Datos para la creaci\u00f3n de una cuenta\/perfil en la plataforma: correo electr\u00f3nico, nombre completo, ciudad de residencia y profesi\u00f3n.<\/p>\n\n\n\n<p>Datos para la optimizaci\u00f3n de la navegaci\u00f3n: acceso a p\u00e1ginas, palabras clave utilizadas en la b\u00fasqueda, recomendaciones, comentarios, interacci\u00f3n con otros perfiles y usuarios, perfiles seguidos, direcci\u00f3n IP.<\/p>\n\n\n\n<p>SECCI\u00d3N 3 - \u00bfPARA QU\u00c9 FINES UTILIZAMOS LOS DATOS PERSONALES DEL USUARIO Y EL VISITANTE?<\/p>\n\n\n\n<p>Los datos personales del usuario recopilados y almacenados por las aplicaciones tienen como finalidad:<\/p>\n\n\n\n<p>Bienestar del usuario y visitante: mejorar el producto y\/o servicio ofrecido, facilitar, agilizar y cumplir los compromisos establecidos entre el usuario y la empresa, mejorar la experiencia del usuario y proporcionar funcionalidades espec\u00edficas seg\u00fan las caracter\u00edsticas b\u00e1sicas del usuario.<\/p>\n\n\n\n<p>Mejoras en la plataforma: comprender c\u00f3mo utiliza el usuario los servicios de la plataforma para ayudar en el desarrollo empresarial y t\u00e9cnico.<\/p>\n\n\n\n<p>Datos de registro: para permitir el acceso del usuario a ciertos contenidos de la plataforma, exclusivos para usuarios registrados.<\/p>\n\n\n\n<p>Datos del contrato: proporcionar certeza legal a las partes y facilitar la conclusi\u00f3n del negocio.<\/p>\n\n\n\n<p>El tratamiento de datos personales para fines no previstos en esta Pol\u00edtica de Privacidad solo ocurrir\u00e1 previa comunicaci\u00f3n al usuario, de modo que los derechos y obligaciones aqu\u00ed previstos sigan siendo aplicables.<\/p>\n\n\n\n<p>SECCI\u00d3N 4 - \u00bfPOR CU\u00c1NTO TIEMPO SE ALMACENAN LOS DATOS PERSONALES?<\/p>\n\n\n\n<p>Los datos personales del usuario y del visitante son almacenados por la plataforma durante el per\u00edodo necesario para la prestaci\u00f3n del servicio o el cumplimiento de los fines previstos en este documento, seg\u00fan lo dispuesto en el inciso I del art\u00edculo 15 de la Ley 13.709\/18.<\/p>\n\n\n\n<p>Los datos pueden ser eliminados o anonimizados a pedido del usuario, excepto en los casos en que la ley disponga otro tratamiento.<\/p>\n\n\n\n<p>Adem\u00e1s, los datos personales de los usuarios solo pueden ser conservados despu\u00e9s del fin de su tratamiento en los siguientes casos previstos en el art\u00edculo 16 de la ley mencionada:<\/p>\n\n\n\n<p>I - cumplimiento de una obligaci\u00f3n legal o regulatoria por parte del controlador;<\/p>\n\n\n\n<p>II - estudio realizado por un organismo de investigaci\u00f3n, con la garant\u00eda, siempre que sea posible, de la anonimizaci\u00f3n de los datos personales;<\/p>\n\n\n\n<p>III - transferencia a un tercero, siempre que se respeten los requisitos de tratamiento de datos establecidos en esta Ley;<\/p>\n\n\n\n<p>IV - uso exclusivo del controlador, con acceso prohibido por terceros, siempre que los datos est\u00e9n anonimizados.<\/p>\n\n\n\n<p>SECCI\u00d3N 5 - SEGURIDAD DE LOS DATOS PERSONALES ALMACENADOS<\/p>\n\n\n\n<p>La plataforma se compromete a implementar medidas t\u00e9cnicas y organizativas adecuadas para proteger los datos personales contra accesos no autorizados y situaciones de destrucci\u00f3n, p\u00e9rdida, alteraci\u00f3n, comunicaci\u00f3n o divulgaci\u00f3n de dichos datos.<\/p>\n\n\n\n<p>Los datos relativos a tarjetas de cr\u00e9dito est\u00e1n cifrados utilizando la tecnolog\u00eda \"Secure Socket Layer\" (SSL), que garantiza la transmisi\u00f3n segura y confidencial de datos, de modo que la transmisi\u00f3n de datos entre el servidor y el usuario ocurre de manera cifrada y encriptada.<\/p>\n\n\n\n<p>La plataforma no se exime de responsabilidad por culpa exclusiva de terceros, como en el caso de ataques de hackers o crackers, o culpa exclusiva del usuario, como en el caso en que el usuario mismo transfiera sus datos a terceros. El sitio se compromete a comunicar al usuario en caso de alguna violaci\u00f3n de seguridad de sus datos personales.<\/p>\n\n\n\n<p>Los datos personales almacenados se tratan de manera confidencial, dentro de los l\u00edmites legales. Sin embargo, podemos divulgar su informaci\u00f3n personal si estamos obligados por ley a hacerlo o si viola nuestros T\u00e9rminos de Servicio.<\/p>\n\n\n\n<p>SECCI\u00d3N 6 - COMPARTIR LOS DATOS<\/p>\n\n\n\n<p>El intercambio de datos del usuario ocurre solo con los datos relacionados con las publicaciones realizadas por el propio usuario; dichas acciones se comparten p\u00fablicamente con otros usuarios.<\/p>\n\n\n\n<p>Los datos del perfil del usuario se comparten p\u00fablicamente en los motores de b\u00fasqueda y dentro de la plataforma, permiti\u00e9ndose a los usuarios modificar dicha configuraci\u00f3n para que su perfil no aparezca en los resultados de b\u00fasqueda de dichas herramientas.<\/p>\n\n\n\n<p>SECCI\u00d3N 6 - \u00bfLOS DATOS PERSONALES ALMACENADOS SER\u00c1N TRANSFERIDOS A TERCEROS?<\/p>\n\n\n\n<p>Los datos personales no ser\u00e1n compartidos con terceros.<\/p>\n\n\n\n<p>SECCI\u00d3N 07 - COOKIES O DATOS DE NAVEGACI\u00d3N<\/p>\n\n\n\n<p>Las cookies se refieren a archivos de texto enviados por la plataforma al ordenador del usuario y visitante y almacenados en \u00e9l, con informaci\u00f3n relacionada con la navegaci\u00f3n en el sitio. Dicha informaci\u00f3n est\u00e1 relacionada con datos de acceso como la ubicaci\u00f3n y la hora de acceso, y es almacenada por el navegador del usuario y del visitante para que el servidor de la plataforma pueda leerlas posteriormente con el fin de personalizar los servicios de la plataforma.<\/p>\n\n\n\n<p>La cookie persistente permanece en el disco duro del usuario y del visitante despu\u00e9s de que se cierra el navegador y ser\u00e1 utilizada por el navegador en visitas posteriores al sitio. Las cookies persistentes pueden ser eliminadas siguiendo las instrucciones de su navegador. Por otro lado, la cookie de sesi\u00f3n es temporal y desaparece despu\u00e9s de que se cierra el navegador. Es posible restablecer su navegador web para rechazar todas las cookies, pero algunas funciones de la plataforma pueden no funcionar correctamente si se deshabilita la capacidad de aceptar cookies.<\/p>\n\n\n\n<p>SECCI\u00d3N 8 - CONSENTIMIENTO<\/p>\n\n\n\n<p>Al utilizar los servicios y proporcionar informaci\u00f3n personal en la plataforma, el usuario est\u00e1 consintiendo esta Pol\u00edtica de Privacidad.<\/p>\n\n\n\n<p>Al registrarse, el usuario reconoce y puede ejercer sus derechos de cancelar su registro, acceder y actualizar sus datos personales, y garantiza la veracidad de la informaci\u00f3n proporcionada por \u00e9l.<\/p>\n\n\n\n<p>El usuario tiene derecho a retirar su consentimiento en cualquier momento; para hacerlo, debe ponerse en contacto con nosotros por correo electr\u00f3nico a support@cconet.com.br.<\/p>\n\n\n\n<p>SECCI\u00d3N 9 - CAMBIOS A ESTA POL\u00cdTICA DE PRIVACIDAD<\/p>\n\n\n\n<p>Nos reservamos el derecho de modificar esta Pol\u00edtica de Privacidad en cualquier momento, por lo que se recomienda que el usuario y el visitante la revisen con frecuencia.<\/p>\n\n\n\n<p>Los cambios y aclaraciones surtir\u00e1n efecto inmediatamente despu\u00e9s de su publicaci\u00f3n en la plataforma. Se notificar\u00e1 a los usuarios de cualquier cambio. Al utilizar el servicio o proporcionar informaci\u00f3n personal despu\u00e9s de cualquier modificaci\u00f3n, el usuario y el visitante demuestran su acuerdo con las nuevas normas.<\/p>\n\n\n\n<p>En caso de fusi\u00f3n o venta de la plataforma a otra empresa, los datos de los usuarios pueden ser transferidos a los nuevos propietarios para garantizar la continuidad de los servicios ofrecidos.<\/p>\n\n\n\n<p>SECCI\u00d3N 10 - JURISDICCI\u00d3N PARA LA RESOLUCI\u00d3N DE CONFLICTOS<\/p>\n\n\n\n<p>Para la soluci\u00f3n de controversias derivadas del presente instrumento, se aplicar\u00e1 \u00edntegramente el Derecho brasile\u00f1o.<\/p>\n\n\n\n<p>Cualquier disputa deber\u00e1 ser presentada en el foro del distrito donde se encuentre la sede de la empresa (PINHAIS \u2013 PR).<\/p>","protected":false},"excerpt":{"rendered":"<p>V\u00e1lida para o aplicativo \u201cSOS 153\u201d, dispon\u00edvel nas lojas virtuais Apple Store e Google Play. SE\u00c7\u00c3O 1 \u2013 INFORMA\u00c7\u00d5ES GERAIS A presente Pol\u00edtica de Privacidade cont\u00e9m informa\u00e7\u00f5es sobre coleta, uso, armazenamento, tratamento e prote\u00e7\u00e3o dos dados pessoais dos usu\u00e1rios dos aplicativos criados pela CCONET LTDA, com a finalidade de demonstrar absoluta transpar\u00eancia quanto ao assunto [&hellip;]<\/p>","protected":false},"author":1,"featured_media":0,"parent":0,"menu_order":0,"comment_status":"closed","ping_status":"closed","template":"","meta":{"content-type":"","_monsterinsights_skip_tracking":false,"_monsterinsights_sitenote_active":false,"_monsterinsights_sitenote_note":"","_monsterinsights_sitenote_category":0,"_joinchat":[],"footnotes":""},"class_list":["post-28","page","type-page","status-publish","hentry"],"_links":{"self":[{"href":"https:\/\/www.cconet.com.br\/es\/wp-json\/wp\/v2\/pages\/28","targetHints":{"allow":["GET"]}}],"collection":[{"href":"https:\/\/www.cconet.com.br\/es\/wp-json\/wp\/v2\/pages"}],"about":[{"href":"https:\/\/www.cconet.com.br\/es\/wp-json\/wp\/v2\/types\/page"}],"author":[{"embeddable":true,"href":"https:\/\/www.cconet.com.br\/es\/wp-json\/wp\/v2\/users\/1"}],"replies":[{"embeddable":true,"href":"https:\/\/www.cconet.com.br\/es\/wp-json\/wp\/v2\/comments?post=28"}],"version-history":[{"count":0,"href":"https:\/\/www.cconet.com.br\/es\/wp-json\/wp\/v2\/pages\/28\/revisions"}],"wp:attachment":[{"href":"https:\/\/www.cconet.com.br\/es\/wp-json\/wp\/v2\/media?parent=28"}],"curies":[{"name":"wp","href":"https:\/\/api.w.org\/{rel}","templated":true}]}}