{"id":1581,"date":"2024-03-10T13:50:04","date_gmt":"2024-03-10T16:50:04","guid":{"rendered":"https:\/\/sitedecliente.com.br\/?page_id=1581"},"modified":"2024-05-04T20:13:09","modified_gmt":"2024-05-04T23:13:09","slug":"multiagencia","status":"publish","type":"page","link":"https:\/\/www.cconet.com.br\/en\/multiagencia\/","title":{"rendered":"Multi-Agency"},"content":{"rendered":"<div data-elementor-type=\"wp-page\" data-elementor-id=\"1581\" class=\"elementor elementor-1581\" data-elementor-post-type=\"page\">\n\t\t\t\t\t\t<section class=\"elementor-section elementor-top-section elementor-element elementor-element-48b56f80 elementor-section-content-middle elementor-section-boxed elementor-section-height-default elementor-section-height-default\" data-id=\"48b56f80\" data-element_type=\"section\" data-settings=\"{&quot;background_background&quot;:&quot;classic&quot;}\">\n\t\t\t\t\t\t\t<div class=\"elementor-background-overlay\"><\/div>\n\t\t\t\t\t\t\t<div class=\"elementor-container elementor-column-gap-default\">\n\t\t\t\t\t<div class=\"elementor-column elementor-col-100 elementor-top-column elementor-element elementor-element-44deb6e4\" data-id=\"44deb6e4\" data-element_type=\"column\">\n\t\t\t<div class=\"elementor-widget-wrap elementor-element-populated\">\n\t\t\t\t\t\t<div class=\"elementor-element elementor-element-68e262cc elementor-invisible elementor-widget elementor-widget-heading\" data-id=\"68e262cc\" data-element_type=\"widget\" data-settings=\"{&quot;_animation&quot;:&quot;fadeInUp&quot;}\" data-widget_type=\"heading.default\">\n\t\t\t\t<div class=\"elementor-widget-container\">\n\t\t\t\t\t<h1 class=\"elementor-heading-title elementor-size-default\">Multi-Agency<\/h1>\t\t\t\t<\/div>\n\t\t\t\t<\/div>\n\t\t\t\t\t<\/div>\n\t\t<\/div>\n\t\t\t\t\t<\/div>\n\t\t<\/section>\n\t\t\t\t<section class=\"elementor-section elementor-top-section elementor-element elementor-element-a09b95a elementor-section-content-middle elementor-section-boxed elementor-section-height-default elementor-section-height-default\" data-id=\"a09b95a\" data-element_type=\"section\" data-settings=\"{&quot;background_background&quot;:&quot;classic&quot;}\">\n\t\t\t\t\t\t\t<div class=\"elementor-background-overlay\"><\/div>\n\t\t\t\t\t\t\t<div class=\"elementor-container elementor-column-gap-default\">\n\t\t\t\t\t<div class=\"elementor-column elementor-col-100 elementor-top-column elementor-element elementor-element-1a6937ca\" data-id=\"1a6937ca\" data-element_type=\"column\">\n\t\t\t<div class=\"elementor-widget-wrap elementor-element-populated\">\n\t\t\t\t\t\t<section class=\"elementor-section elementor-inner-section elementor-element elementor-element-6ce5f822 elementor-section-content-middle elementor-section-boxed elementor-section-height-default elementor-section-height-default\" data-id=\"6ce5f822\" data-element_type=\"section\">\n\t\t\t\t\t\t<div class=\"elementor-container elementor-column-gap-default\">\n\t\t\t\t\t<div class=\"elementor-column elementor-col-100 elementor-inner-column elementor-element elementor-element-1f2afb7\" data-id=\"1f2afb7\" data-element_type=\"column\">\n\t\t\t<div class=\"elementor-widget-wrap elementor-element-populated\">\n\t\t\t\t\t\t<div class=\"elementor-element elementor-element-722f654 elementor-invisible elementor-widget elementor-widget-heading\" data-id=\"722f654\" data-element_type=\"widget\" data-settings=\"{&quot;_animation&quot;:&quot;fadeInLeft&quot;}\" data-widget_type=\"heading.default\">\n\t\t\t\t<div class=\"elementor-widget-container\">\n\t\t\t\t\t<h3 class=\"elementor-heading-title elementor-size-default\">CCONet<b><br>Multi-Agency<\/b><\/h3>\t\t\t\t<\/div>\n\t\t\t\t<\/div>\n\t\t\t\t<div class=\"elementor-element elementor-element-56a264cb elementor-invisible elementor-widget elementor-widget-text-editor\" data-id=\"56a264cb\" data-element_type=\"widget\" data-settings=\"{&quot;_animation&quot;:&quot;fadeInLeft&quot;}\" data-widget_type=\"text-editor.default\">\n\t\t\t\t<div class=\"elementor-widget-container\">\n\t\t\t\t\t\t\t\t\t<p>A solution that promotes integration between multiple security and emergency agencies, providing efficient information connectivity to streamline response during critical moments.<\/p>\t\t\t\t\t\t\t\t<\/div>\n\t\t\t\t<\/div>\n\t\t\t\t<div class=\"elementor-element elementor-element-8e90c66 elementor-hidden-mobile elementor-invisible elementor-widget elementor-widget-image\" data-id=\"8e90c66\" data-element_type=\"widget\" data-settings=\"{&quot;_animation&quot;:&quot;fadeInUp&quot;}\" data-widget_type=\"image.default\">\n\t\t\t\t<div class=\"elementor-widget-container\">\n\t\t\t\t\t\t\t\t\t\t\t\t\t\t\t<img decoding=\"async\" src=\"https:\/\/www.cconet.com.br\/wp-content\/uploads\/2024\/03\/Multiagencia-3.png\" title=\"Multi-Agency\" alt=\"Multiagencia 3\" loading=\"lazy\" \/>\t\t\t\t\t\t\t\t\t\t\t\t\t\t\t<\/div>\n\t\t\t\t<\/div>\n\t\t\t\t\t<\/div>\n\t\t<\/div>\n\t\t\t\t\t<\/div>\n\t\t<\/section>\n\t\t\t\t<section class=\"elementor-section elementor-inner-section elementor-element elementor-element-c41f04e elementor-section-content-middle elementor-hidden-desktop elementor-hidden-tablet elementor-section-boxed elementor-section-height-default elementor-section-height-default\" data-id=\"c41f04e\" data-element_type=\"section\">\n\t\t\t\t\t\t<div class=\"elementor-container elementor-column-gap-default\">\n\t\t\t\t\t<div class=\"elementor-column elementor-col-14 elementor-inner-column elementor-element elementor-element-a82738d\" data-id=\"a82738d\" data-element_type=\"column\">\n\t\t\t<div class=\"elementor-widget-wrap\">\n\t\t\t\t\t\t\t<\/div>\n\t\t<\/div>\n\t\t\t\t<div class=\"elementor-column elementor-col-14 elementor-inner-column elementor-element elementor-element-a08595d elementor-hidden-desktop elementor-hidden-tablet\" data-id=\"a08595d\" data-element_type=\"column\" data-settings=\"{&quot;animation_mobile&quot;:&quot;fadeInUp&quot;}\">\n\t\t\t<div class=\"elementor-widget-wrap elementor-element-populated\">\n\t\t\t\t\t\t<div class=\"elementor-element elementor-element-b5cf473 elementor-widget-mobile__width-auto elementor-widget elementor-widget-heading\" data-id=\"b5cf473\" data-element_type=\"widget\" data-widget_type=\"heading.default\">\n\t\t\t\t<div class=\"elementor-widget-container\">\n\t\t\t\t\t<h2 class=\"elementor-heading-title elementor-size-default\">Military Police<\/h2>\t\t\t\t<\/div>\n\t\t\t\t<\/div>\n\t\t\t\t\t<\/div>\n\t\t<\/div>\n\t\t\t\t<div class=\"elementor-column elementor-col-14 elementor-inner-column elementor-element elementor-element-e352e3e elementor-hidden-desktop elementor-hidden-tablet\" data-id=\"e352e3e\" data-element_type=\"column\" data-settings=\"{&quot;animation_mobile&quot;:&quot;fadeInUp&quot;}\">\n\t\t\t<div class=\"elementor-widget-wrap elementor-element-populated\">\n\t\t\t\t\t\t<div class=\"elementor-element elementor-element-703b424 elementor-widget-mobile__width-auto elementor-widget elementor-widget-heading\" data-id=\"703b424\" data-element_type=\"widget\" data-widget_type=\"heading.default\">\n\t\t\t\t<div class=\"elementor-widget-container\">\n\t\t\t\t\t<h2 class=\"elementor-heading-title elementor-size-default\">Fire Department<\/h2>\t\t\t\t<\/div>\n\t\t\t\t<\/div>\n\t\t\t\t\t<\/div>\n\t\t<\/div>\n\t\t\t\t<div class=\"elementor-column elementor-col-14 elementor-inner-column elementor-element elementor-element-b673f44 elementor-hidden-desktop elementor-hidden-tablet\" data-id=\"b673f44\" data-element_type=\"column\" data-settings=\"{&quot;animation_mobile&quot;:&quot;fadeInUp&quot;}\">\n\t\t\t<div class=\"elementor-widget-wrap elementor-element-populated\">\n\t\t\t\t\t\t<div class=\"elementor-element elementor-element-02b9798 elementor-widget-mobile__width-auto elementor-widget elementor-widget-heading\" data-id=\"02b9798\" data-element_type=\"widget\" data-widget_type=\"heading.default\">\n\t\t\t\t<div class=\"elementor-widget-container\">\n\t\t\t\t\t<h2 class=\"elementor-heading-title elementor-size-default\">City Guard<\/h2>\t\t\t\t<\/div>\n\t\t\t\t<\/div>\n\t\t\t\t\t<\/div>\n\t\t<\/div>\n\t\t\t\t<div class=\"elementor-column elementor-col-14 elementor-inner-column elementor-element elementor-element-5f6fe1d elementor-hidden-desktop elementor-hidden-tablet\" data-id=\"5f6fe1d\" data-element_type=\"column\" data-settings=\"{&quot;animation_mobile&quot;:&quot;fadeInUp&quot;}\">\n\t\t\t<div class=\"elementor-widget-wrap elementor-element-populated\">\n\t\t\t\t\t\t<div class=\"elementor-element elementor-element-2f9f78e elementor-widget-mobile__width-auto elementor-widget elementor-widget-heading\" data-id=\"2f9f78e\" data-element_type=\"widget\" data-widget_type=\"heading.default\">\n\t\t\t\t<div class=\"elementor-widget-container\">\n\t\t\t\t\t<h2 class=\"elementor-heading-title elementor-size-default\">Urban Mobility<\/h2>\t\t\t\t<\/div>\n\t\t\t\t<\/div>\n\t\t\t\t\t<\/div>\n\t\t<\/div>\n\t\t\t\t<div class=\"elementor-column elementor-col-14 elementor-inner-column elementor-element elementor-element-48ae667 elementor-hidden-desktop elementor-hidden-tablet\" data-id=\"48ae667\" data-element_type=\"column\" data-settings=\"{&quot;animation_mobile&quot;:&quot;fadeInUp&quot;}\">\n\t\t\t<div class=\"elementor-widget-wrap elementor-element-populated\">\n\t\t\t\t\t\t<div class=\"elementor-element elementor-element-e6276f0 elementor-widget-mobile__width-auto elementor-widget elementor-widget-heading\" data-id=\"e6276f0\" data-element_type=\"widget\" data-widget_type=\"heading.default\">\n\t\t\t\t<div class=\"elementor-widget-container\">\n\t\t\t\t\t<h2 class=\"elementor-heading-title elementor-size-default\">Civil Defense<\/h2>\t\t\t\t<\/div>\n\t\t\t\t<\/div>\n\t\t\t\t\t<\/div>\n\t\t<\/div>\n\t\t\t\t<div class=\"elementor-column elementor-col-14 elementor-inner-column elementor-element elementor-element-39bcf52 elementor-hidden-desktop elementor-hidden-tablet\" data-id=\"39bcf52\" data-element_type=\"column\" data-settings=\"{&quot;animation_mobile&quot;:&quot;fadeInUp&quot;}\">\n\t\t\t<div class=\"elementor-widget-wrap elementor-element-populated\">\n\t\t\t\t\t\t<div class=\"elementor-element elementor-element-1e66f98 elementor-widget-mobile__width-auto elementor-widget elementor-widget-heading\" data-id=\"1e66f98\" data-element_type=\"widget\" data-widget_type=\"heading.default\">\n\t\t\t\t<div class=\"elementor-widget-container\">\n\t\t\t\t\t<h2 class=\"elementor-heading-title elementor-size-default\">Others<\/h2>\t\t\t\t<\/div>\n\t\t\t\t<\/div>\n\t\t\t\t\t<\/div>\n\t\t<\/div>\n\t\t\t\t\t<\/div>\n\t\t<\/section>\n\t\t\t\t\t<\/div>\n\t\t<\/div>\n\t\t\t\t\t<\/div>\n\t\t<\/section>\n\t\t\t\t<section class=\"elementor-section elementor-top-section elementor-element elementor-element-29cfd29d elementor-section-boxed elementor-section-height-default elementor-section-height-default\" data-id=\"29cfd29d\" data-element_type=\"section\" data-settings=\"{&quot;background_background&quot;:&quot;classic&quot;}\">\n\t\t\t\t\t\t\t<div class=\"elementor-background-overlay\"><\/div>\n\t\t\t\t\t\t\t<div class=\"elementor-container elementor-column-gap-default\">\n\t\t\t\t\t<div class=\"elementor-column elementor-col-50 elementor-top-column elementor-element elementor-element-6108dac\" data-id=\"6108dac\" data-element_type=\"column\">\n\t\t\t<div class=\"elementor-widget-wrap elementor-element-populated\">\n\t\t\t\t\t\t<div class=\"elementor-element elementor-element-39177f54 elementor-widget__width-initial elementor-widget-tablet__width-initial elementor-invisible elementor-widget elementor-widget-heading\" data-id=\"39177f54\" data-element_type=\"widget\" data-settings=\"{&quot;_animation&quot;:&quot;fadeInLeft&quot;}\" data-widget_type=\"heading.default\">\n\t\t\t\t<div class=\"elementor-widget-container\">\n\t\t\t\t\t<h3 class=\"elementor-heading-title elementor-size-default\">Civil Defense<\/h3>\t\t\t\t<\/div>\n\t\t\t\t<\/div>\n\t\t\t\t<div class=\"elementor-element elementor-element-1017f665 elementor-widget__width-initial elementor-widget-tablet__width-initial elementor-invisible elementor-widget elementor-widget-text-editor\" data-id=\"1017f665\" data-element_type=\"widget\" data-settings=\"{&quot;_animation&quot;:&quot;fadeInLeft&quot;}\" data-widget_type=\"text-editor.default\">\n\t\t\t\t<div class=\"elementor-widget-container\">\n\t\t\t\t\t\t\t\t\t<p class=\"cvGsUA direction-ltr align-start para-style-body\">The Civil Defense's function is to provide weather information and alerts of risk areas to citizens, ensuring their safety in adverse situations. Real-time warning siren system integrated with the platform with alerts of:<\/p>\t\t\t\t\t\t\t\t<\/div>\n\t\t\t\t<\/div>\n\t\t\t\t\t<\/div>\n\t\t<\/div>\n\t\t\t\t<div class=\"elementor-column elementor-col-50 elementor-top-column elementor-element elementor-element-39e4c095\" data-id=\"39e4c095\" data-element_type=\"column\">\n\t\t\t<div class=\"elementor-widget-wrap elementor-element-populated\">\n\t\t\t\t<div class=\"elementor-element elementor-element-6929352b e-flex e-con-boxed elementor-invisible e-con e-parent\" data-id=\"6929352b\" data-element_type=\"container\" data-settings=\"{&quot;animation&quot;:&quot;fadeIn&quot;}\">\n\t\t\t\t\t<div class=\"e-con-inner\">\n\t\t<div class=\"elementor-element elementor-element-7cb8c198 e-con-full e-flex e-con e-child\" data-id=\"7cb8c198\" data-element_type=\"container\">\n\t\t\t\t<div class=\"elementor-element elementor-element-205d6d23 elementor-view-framed elementor-shape-square elementor-position-top elementor-mobile-position-top elementor-widget elementor-widget-icon-box\" data-id=\"205d6d23\" data-element_type=\"widget\" data-widget_type=\"icon-box.default\">\n\t\t\t\t<div class=\"elementor-widget-container\">\n\t\t\t\t\t\t\t<div class=\"elementor-icon-box-wrapper\">\n\n\t\t\t\t\t\t<div class=\"elementor-icon-box-icon\">\n\t\t\t\t<span  class=\"elementor-icon\">\n\t\t\t\t<svg aria-hidden=\"true\" class=\"e-font-icon-svg e-fas-temperature-low\" viewbox=\"0 0 512 512\" xmlns=\"http:\/\/www.w3.org\/2000\/svg\"><path d=\"M416 0c-52.9 0-96 43.1-96 96s43.1 96 96 96 96-43.1 96-96-43.1-96-96-96zm0 128c-17.7 0-32-14.3-32-32s14.3-32 32-32 32 14.3 32 32-14.3 32-32 32zm-160-16C256 50.1 205.9 0 144 0S32 50.1 32 112v166.5C12.3 303.2 0 334 0 368c0 79.5 64.5 144 144 144s144-64.5 144-144c0-34-12.3-64.9-32-89.5V112zM144 448c-44.1 0-80-35.9-80-80 0-25.5 12.2-48.9 32-63.8V112c0-26.5 21.5-48 48-48s48 21.5 48 48v192.2c19.8 14.8 32 38.3 32 63.8 0 44.1-35.9 80-80 80zm16-125.1V304c0-8.8-7.2-16-16-16s-16 7.2-16 16v18.9c-18.6 6.6-32 24.2-32 45.1 0 26.5 21.5 48 48 48s48-21.5 48-48c0-20.9-13.4-38.5-32-45.1z\"><\/path><\/svg>\t\t\t\t<\/span>\n\t\t\t<\/div>\n\t\t\t\n\t\t\t\t\t\t<div class=\"elementor-icon-box-content\">\n\n\t\t\t\t\t\t\t\t\t<h3 class=\"elementor-icon-box-title\">\n\t\t\t\t\t\t<span  >\n\t\t\t\t\t\t\tTemperature\t\t\t\t\t\t<\/span>\n\t\t\t\t\t<\/h3>\n\t\t\t\t\n\t\t\t\t\n\t\t\t<\/div>\n\t\t\t\n\t\t<\/div>\n\t\t\t\t\t\t<\/div>\n\t\t\t\t<\/div>\n\t\t\t\t<\/div>\n\t\t<div class=\"elementor-element elementor-element-477555b9 e-con-full e-flex e-con e-child\" data-id=\"477555b9\" data-element_type=\"container\">\n\t\t\t\t<div class=\"elementor-element elementor-element-2c0e6798 elementor-view-framed elementor-shape-square elementor-position-top elementor-mobile-position-top elementor-widget elementor-widget-icon-box\" data-id=\"2c0e6798\" data-element_type=\"widget\" data-widget_type=\"icon-box.default\">\n\t\t\t\t<div class=\"elementor-widget-container\">\n\t\t\t\t\t\t\t<div class=\"elementor-icon-box-wrapper\">\n\n\t\t\t\t\t\t<div class=\"elementor-icon-box-icon\">\n\t\t\t\t<span  class=\"elementor-icon\">\n\t\t\t\t<svg xmlns=\"http:\/\/www.w3.org\/2000\/svg\" xmlns:xlink=\"http:\/\/www.w3.org\/1999\/xlink\" fill=\"#ffffff\" height=\"800px\" width=\"800px\" id=\"Capa_1\" viewbox=\"0 0 328.611 328.611\" xml:space=\"preserve\" stroke=\"#ffffff\"><g id=\"SVGRepo_bgCarrier\" stroke-width=\"0\"><\/g><g id=\"SVGRepo_tracerCarrier\" stroke-linecap=\"round\" stroke-linejoin=\"round\"><\/g><g id=\"SVGRepo_iconCarrier\"> <g> <path d=\"M209.306,50.798c-2.452-3.337-7.147-4.055-10.485-1.602c-3.338,2.453-4.055,7.147-1.603,10.485 c54.576,74.266,66.032,123.541,66.032,151.8c0,27.691-8.272,52.794-23.293,70.685c-17.519,20.866-42.972,31.446-75.651,31.446 c-73.031,0-98.944-55.018-98.944-102.131c0-52.227,28.103-103.234,51.679-136.829c25.858-36.847,52.11-61.415,52.37-61.657 c3.035-2.819,3.209-7.565,0.39-10.6c-2.819-3.034-7.565-3.209-10.599-0.39c-1.11,1.031-27.497,25.698-54.254,63.765 c-24.901,35.428-54.586,89.465-54.586,145.71c0,31.062,9.673,59.599,27.236,80.353c20.361,24.061,50.345,36.779,86.708,36.779 c36.794,0,66.926-12.726,87.139-36.801c17.286-20.588,26.806-49.117,26.806-80.33C278.25,156.216,240.758,93.597,209.306,50.798z\"><\/path> <path d=\"M198.43,148.146l-95.162,95.162c-2.929,2.929-2.929,7.678,0,10.606c1.465,1.464,3.385,2.197,5.304,2.197 s3.839-0.732,5.304-2.197l95.162-95.162c2.929-2.929,2.929-7.678,0-10.606C206.107,145.217,201.359,145.217,198.43,148.146z\"><\/path> <path d=\"M191.965,207.899c-13.292,0-24.106,10.814-24.106,24.106s10.814,24.106,24.106,24.106s24.106-10.814,24.106-24.106 S205.257,207.899,191.965,207.899z M191.965,241.111c-5.021,0-9.106-4.085-9.106-9.106s4.085-9.106,9.106-9.106 s9.106,4.085,9.106,9.106S196.986,241.111,191.965,241.111z\"><\/path> <path d=\"M125.178,194.162c13.292,0,24.106-10.814,24.106-24.106s-10.814-24.106-24.106-24.106s-24.106,10.814-24.106,24.106 S111.886,194.162,125.178,194.162z M125.178,160.949c5.021,0,9.106,4.085,9.106,9.106s-4.085,9.106-9.106,9.106 c-5.021,0-9.106-4.085-9.106-9.106S120.156,160.949,125.178,160.949z\"><\/path> <\/g> <\/g><\/svg>\t\t\t\t<\/span>\n\t\t\t<\/div>\n\t\t\t\n\t\t\t\t\t\t<div class=\"elementor-icon-box-content\">\n\n\t\t\t\t\t\t\t\t\t<h3 class=\"elementor-icon-box-title\">\n\t\t\t\t\t\t<span  >\n\t\t\t\t\t\t\tHumidity\t\t\t\t\t\t<\/span>\n\t\t\t\t\t<\/h3>\n\t\t\t\t\n\t\t\t\t\n\t\t\t<\/div>\n\t\t\t\n\t\t<\/div>\n\t\t\t\t\t\t<\/div>\n\t\t\t\t<\/div>\n\t\t\t\t<\/div>\n\t\t\t\t\t<\/div>\n\t\t\t\t<\/div>\n\t\t<div class=\"elementor-element elementor-element-c8c7f70 e-flex e-con-boxed elementor-invisible e-con e-parent\" data-id=\"c8c7f70\" data-element_type=\"container\" data-settings=\"{&quot;animation&quot;:&quot;fadeIn&quot;}\">\n\t\t\t\t\t<div class=\"e-con-inner\">\n\t\t<div class=\"elementor-element elementor-element-721def0 e-con-full e-flex e-con e-child\" data-id=\"721def0\" data-element_type=\"container\">\n\t\t\t\t<div class=\"elementor-element elementor-element-530fa5d elementor-view-framed elementor-shape-square elementor-position-top elementor-mobile-position-top elementor-widget elementor-widget-icon-box\" data-id=\"530fa5d\" data-element_type=\"widget\" data-widget_type=\"icon-box.default\">\n\t\t\t\t<div class=\"elementor-widget-container\">\n\t\t\t\t\t\t\t<div class=\"elementor-icon-box-wrapper\">\n\n\t\t\t\t\t\t<div class=\"elementor-icon-box-icon\">\n\t\t\t\t<span  class=\"elementor-icon\">\n\t\t\t\t<svg xmlns=\"http:\/\/www.w3.org\/2000\/svg\" xmlns:xlink=\"http:\/\/www.w3.org\/1999\/xlink\" height=\"800px\" width=\"800px\" id=\"_x32_\" viewbox=\"0 0 512 512\" xml:space=\"preserve\" fill=\"#ffffff\" stroke=\"#ffffff\"><g id=\"SVGRepo_bgCarrier\" stroke-width=\"0\"><\/g><g id=\"SVGRepo_tracerCarrier\" stroke-linecap=\"round\" stroke-linejoin=\"round\"><\/g><g id=\"SVGRepo_iconCarrier\"> <style type=\"text\/css\"> .st0{fill:#ffffff;} <\/style> <g> <polygon class=\"st0\" points=\"179.61,363.791 122.331,363.791 93.893,444.881 117.328,444.881 91.995,512 183.975,410.731 146.352,410.731 \"><\/polygon> <polygon class=\"st0\" points=\"296.765,363.791 239.487,363.791 211.049,444.881 234.483,444.881 209.15,512 301.13,410.731 263.507,410.731 \"><\/polygon> <polygon class=\"st0\" points=\"413.916,363.791 356.651,363.791 328.213,444.881 351.639,444.881 326.315,512 418.29,410.731 380.672,410.731 \"><\/polygon> <path class=\"st0\" d=\"M479.505,164.986c-15.745-15.763-36.704-26.382-59.982-29.33c-2.029-36.443-17.486-69.386-41.686-93.564 C351.875,16.104,315.862-0.009,276.218,0c-37.133-0.009-71.1,14.136-96.581,37.282c-21.908,19.883-37.611,46.528-43.97,76.601 c-6.154-1.023-12.457-1.6-18.89-1.6c-31.588-0.017-60.297,12.832-80.984,33.538C15.095,166.5,2.237,195.218,2.245,226.806 c-0.008,31.578,12.85,60.305,33.547,80.984c20.687,20.705,49.397,33.546,80.984,33.538h289.687 c28.482,0.009,54.392-11.581,73.042-30.249c18.668-18.658,30.266-44.56,30.25-73.042 C509.772,209.546,498.173,183.636,479.505,164.986z M460.454,292.018c-13.874,13.839-32.874,22.359-53.99,22.368H116.777 c-24.222-0.009-46.039-9.78-61.924-25.656c-15.877-15.895-25.648-37.694-25.657-61.924c0.009-24.231,9.78-46.039,25.657-61.933 c15.885-15.868,37.702-25.648,61.924-25.648c9.044,0,17.722,1.365,25.901,3.893l15.711,4.855l1.679-16.349 c3.018-29.392,16.935-55.547,37.684-74.389c20.776-18.842,48.216-30.284,78.466-30.292c32.278,0.008,61.39,13.051,82.568,34.202 c21.151,21.169,34.19,50.281,34.207,82.577c0,1.137-0.053,2.467-0.105,4.015l-0.525,14.495l14.224-0.543 c21.063,0.044,40.02,8.538,53.867,22.359c13.838,13.856,22.341,32.856,22.358,53.99 C482.794,259.162,474.292,278.162,460.454,292.018z\"><\/path> <\/g> <\/g><\/svg>\t\t\t\t<\/span>\n\t\t\t<\/div>\n\t\t\t\n\t\t\t\t\t\t<div class=\"elementor-icon-box-content\">\n\n\t\t\t\t\t\t\t\t\t<h3 class=\"elementor-icon-box-title\">\n\t\t\t\t\t\t<span  >\n\t\t\t\t\t\t\tSpeed<br>of Wind\t\t\t\t\t\t<\/span>\n\t\t\t\t\t<\/h3>\n\t\t\t\t\n\t\t\t\t\n\t\t\t<\/div>\n\t\t\t\n\t\t<\/div>\n\t\t\t\t\t\t<\/div>\n\t\t\t\t<\/div>\n\t\t\t\t<\/div>\n\t\t<div class=\"elementor-element elementor-element-b07be92 e-con-full e-flex e-con e-child\" data-id=\"b07be92\" data-element_type=\"container\">\n\t\t\t\t<div class=\"elementor-element elementor-element-ceeb8a5 elementor-view-framed elementor-shape-square elementor-position-top elementor-mobile-position-top elementor-widget elementor-widget-icon-box\" data-id=\"ceeb8a5\" data-element_type=\"widget\" data-widget_type=\"icon-box.default\">\n\t\t\t\t<div class=\"elementor-widget-container\">\n\t\t\t\t\t\t\t<div class=\"elementor-icon-box-wrapper\">\n\n\t\t\t\t\t\t<div class=\"elementor-icon-box-icon\">\n\t\t\t\t<span  class=\"elementor-icon\">\n\t\t\t\t<svg xmlns=\"http:\/\/www.w3.org\/2000\/svg\" xmlns:xlink=\"http:\/\/www.w3.org\/1999\/xlink\" id=\"Uploaded to svgrepo.com\" width=\"800px\" height=\"800px\" viewbox=\"0 0 32 32\" xml:space=\"preserve\" fill=\"#ffffff\" stroke=\"#ffffff\"><g id=\"SVGRepo_bgCarrier\" stroke-width=\"0\"><\/g><g id=\"SVGRepo_tracerCarrier\" stroke-linecap=\"round\" stroke-linejoin=\"round\"><\/g><g id=\"SVGRepo_iconCarrier\"> <style type=\"text\/css\"> .dashing_een{fill:#ffffff;} <\/style> <path class=\"dashing_een\" d=\"M11,22.5v2c0,0.276-0.224,0.5-0.5,0.5S10,24.776,10,24.5v-2c0-0.276,0.224-0.5,0.5-0.5 S11,22.224,11,22.5z M10.5,27c-0.276,0-0.5,0.224-0.5,0.5v2c0,0.276,0.224,0.5,0.5,0.5s0.5-0.224,0.5-0.5v-2 C11,27.224,10.776,27,10.5,27z M10.5,17c-0.276,0-0.5,0.224-0.5,0.5v2c0,0.276,0.224,0.5,0.5,0.5s0.5-0.224,0.5-0.5v-2 C11,17.224,10.776,17,10.5,17z M15.5,22c-0.276,0-0.5,0.224-0.5,0.5v2c0,0.276,0.224,0.5,0.5,0.5s0.5-0.224,0.5-0.5v-2 C16,22.224,15.776,22,15.5,22z M15.5,27c-0.276,0-0.5,0.224-0.5,0.5v2c0,0.276,0.224,0.5,0.5,0.5s0.5-0.224,0.5-0.5v-2 C16,27.224,15.776,27,15.5,27z M15.5,17c-0.276,0-0.5,0.224-0.5,0.5v2c0,0.276,0.224,0.5,0.5,0.5s0.5-0.224,0.5-0.5v-2 C16,17.224,15.776,17,15.5,17z M20.5,22c-0.276,0-0.5,0.224-0.5,0.5v2c0,0.276,0.224,0.5,0.5,0.5s0.5-0.224,0.5-0.5v-2 C21,22.224,20.776,22,20.5,22z M20.5,27c-0.276,0-0.5,0.224-0.5,0.5v2c0,0.276,0.224,0.5,0.5,0.5s0.5-0.224,0.5-0.5v-2 C21,27.224,20.776,27,20.5,27z M20.5,17c-0.276,0-0.5,0.224-0.5,0.5v2c0,0.276,0.224,0.5,0.5,0.5s0.5-0.224,0.5-0.5v-2 C21,17.224,20.776,17,20.5,17z M25.5,22c-0.276,0-0.5,0.224-0.5,0.5v2c0,0.276,0.224,0.5,0.5,0.5s0.5-0.224,0.5-0.5v-2 C26,22.224,25.776,22,25.5,22z M25.5,27c-0.276,0-0.5,0.224-0.5,0.5v2c0,0.276,0.224,0.5,0.5,0.5s0.5-0.224,0.5-0.5v-2 C26,27.224,25.776,27,25.5,27z M25.5,17c-0.276,0-0.5,0.224-0.5,0.5v2c0,0.276,0.224,0.5,0.5,0.5s0.5-0.224,0.5-0.5v-2 C26,17.224,25.776,17,25.5,17z M5.5,22C5.224,22,5,22.224,5,22.5v2C5,24.776,5.224,25,5.5,25S6,24.776,6,24.5v-2 C6,22.224,5.776,22,5.5,22z M5.5,27C5.224,27,5,27.224,5,27.5v2C5,29.776,5.224,30,5.5,30S6,29.776,6,29.5v-2 C6,27.224,5.776,27,5.5,27z M5.5,17C5.224,17,5,17.224,5,17.5v2C5,19.776,5.224,20,5.5,20S6,19.776,6,19.5v-2 C6,17.224,5.776,17,5.5,17z M31,9c0-2.757-2.243-5-5-5c-0.43,0-0.86,0.059-1.286,0.176C23.93,1.726,21.609,0,19,0 c-2.116,0-4.044,1.104-5.123,2.874C12.937,1.701,11.518,1,10,1C7.243,1,5,3.243,5,6c0,0.045,0.001,0.09,0.002,0.135 C4.672,6.045,4.337,6,4,6c-2.206,0-4,1.794-4,4s1.794,4,4,4h22C28.757,14,31,11.757,31,9z M5.362,7.344 C5.534,7.43,5.74,7.413,5.894,7.297s0.226-0.311,0.188-0.499C6.027,6.537,6,6.269,6,6c0-2.206,1.794-4,4-4 c1.449,0,2.788,0.803,3.495,2.097c0.092,0.167,0.27,0.277,0.463,0.259c0.192-0.009,0.361-0.127,0.436-0.304 C15.18,2.198,16.987,1,19,1c2.329,0,4.382,1.65,4.881,3.924c0.031,0.143,0.124,0.265,0.253,0.334s0.28,0.077,0.418,0.024 C25.029,5.095,25.518,5,26,5c2.206,0,4,1.794,4,4s-1.794,4-4,4H4c-1.654,0-3-1.346-3-3s1.346-3,3-3C4.46,7,4.919,7.115,5.362,7.344z \"><\/path> <\/g><\/svg>\t\t\t\t<\/span>\n\t\t\t<\/div>\n\t\t\t\n\t\t\t\t\t\t<div class=\"elementor-icon-box-content\">\n\n\t\t\t\t\t\t\t\t\t<h3 class=\"elementor-icon-box-title\">\n\t\t\t\t\t\t<span  >\n\t\t\t\t\t\t\tQuantity<br>of Rain\t\t\t\t\t\t<\/span>\n\t\t\t\t\t<\/h3>\n\t\t\t\t\n\t\t\t\t\n\t\t\t<\/div>\n\t\t\t\n\t\t<\/div>\n\t\t\t\t\t\t<\/div>\n\t\t\t\t<\/div>\n\t\t\t\t<\/div>\n\t\t\t\t\t<\/div>\n\t\t\t\t<\/div>\n\t\t\t\t\t<\/div>\n\t\t<\/div>\n\t\t\t\t\t<\/div>\n\t\t<\/section>\n\t\t\t\t<\/div>","protected":false},"excerpt":{"rendered":"<p>Multiag\u00eancia CCONetMultiag\u00eancia Solu\u00e7\u00e3o que promove a integra\u00e7\u00e3o entre v\u00e1rias ag\u00eancias de seguran\u00e7a e emerg\u00eancia, proporcionando uma conex\u00e3o eficiente de informa\u00e7\u00f5es para agilizar o atendimento em momentos cr\u00edticos. Pol\u00edcia Militar Corpo de Bombeiros Guarda Municipal Mobilidade Urbana Defesa Civil Outros Defesa Civil A fun\u00e7\u00e3o Defesa Civil \u00e9 fornecer informa\u00e7\u00f5es clim\u00e1ticas e alertas de \u00e1reas de risco [&hellip;]<\/p>","protected":false},"author":1,"featured_media":1632,"parent":0,"menu_order":0,"comment_status":"closed","ping_status":"closed","template":"elementor_canvas","meta":{"content-type":"","_monsterinsights_skip_tracking":false,"_monsterinsights_sitenote_active":false,"_monsterinsights_sitenote_note":"","_monsterinsights_sitenote_category":0,"_joinchat":[],"footnotes":""},"class_list":["post-1581","page","type-page","status-publish","has-post-thumbnail","hentry"],"_links":{"self":[{"href":"https:\/\/www.cconet.com.br\/en\/wp-json\/wp\/v2\/pages\/1581","targetHints":{"allow":["GET"]}}],"collection":[{"href":"https:\/\/www.cconet.com.br\/en\/wp-json\/wp\/v2\/pages"}],"about":[{"href":"https:\/\/www.cconet.com.br\/en\/wp-json\/wp\/v2\/types\/page"}],"author":[{"embeddable":true,"href":"https:\/\/www.cconet.com.br\/en\/wp-json\/wp\/v2\/users\/1"}],"replies":[{"embeddable":true,"href":"https:\/\/www.cconet.com.br\/en\/wp-json\/wp\/v2\/comments?post=1581"}],"version-history":[{"count":0,"href":"https:\/\/www.cconet.com.br\/en\/wp-json\/wp\/v2\/pages\/1581\/revisions"}],"wp:featuredmedia":[{"embeddable":true,"href":"https:\/\/www.cconet.com.br\/en\/wp-json\/wp\/v2\/media\/1632"}],"wp:attachment":[{"href":"https:\/\/www.cconet.com.br\/en\/wp-json\/wp\/v2\/media?parent=1581"}],"curies":[{"name":"wp","href":"https:\/\/api.w.org\/{rel}","templated":true}]}}